{"id":167,"date":"2026-04-19T20:55:48","date_gmt":"2026-04-19T20:55:48","guid":{"rendered":"https:\/\/kobietywswietle.pl\/?page_id=167"},"modified":"2026-04-19T20:58:21","modified_gmt":"2026-04-19T20:58:21","slug":"nasze-rytualy","status":"publish","type":"page","link":"https:\/\/kobietywswietle.pl\/index.php\/nasze-rytualy\/","title":{"rendered":"Nasze rytua\u0142y"},"content":{"rendered":"\n<div class=\"wp-block-media-text is-stacked-on-mobile\" style=\"grid-template-columns:48% auto\"><figure class=\"wp-block-media-text__media\"><a href=\"https:\/\/kobietywswietle.pl\/copilot_20260414_192529\/\"><img loading=\"lazy\" decoding=\"async\" width=\"683\" height=\"1024\" src=\"http:\/\/kobietywswietle.pl\/wp-content\/uploads\/2026\/04\/Copilot_20260414_192529-683x1024.png\" alt=\"\" class=\"wp-image-149 size-full\" srcset=\"https:\/\/kobietywswietle.pl\/wp-content\/uploads\/2026\/04\/Copilot_20260414_192529-683x1024.png 683w, https:\/\/kobietywswietle.pl\/wp-content\/uploads\/2026\/04\/Copilot_20260414_192529-200x300.png 200w, https:\/\/kobietywswietle.pl\/wp-content\/uploads\/2026\/04\/Copilot_20260414_192529-768x1152.png 768w, https:\/\/kobietywswietle.pl\/wp-content\/uploads\/2026\/04\/Copilot_20260414_192529.png 1024w\" sizes=\"auto, (max-width: 683px) 100vw, 683px\" \/><\/a><\/figure><div class=\"wp-block-media-text__content\">\n<p class=\"has-medium-font-size\">Nasze rytua\u0142y powsta\u0142y z potrzeby stworzenia przestrzeni, w kt\u00f3rej kobieta mo\u017ce na chwil\u0119 zatrzyma\u0107 \u015bwiat \u2014 i us\u0142ysze\u0107 siebie. To momenty, w kt\u00f3rych codzienno\u015b\u0107 mi\u0119knie, a Ty wracasz do swojego cia\u0142a, oddechu i wewn\u0119trznego \u015bwiat\u0142a.<\/p>\n\n\n\n<p class=\"has-medium-font-size\">\u0141\u0105czymy energi\u0119 minera\u0142\u00f3w, uwa\u017cno\u015b\u0107, intencj\u0119 i tw\u00f3rczy dotyk d\u0142oni, tworz\u0105c ceremonie, kt\u00f3re otulaj\u0105, wyciszaj\u0105 i wzmacniaj\u0105. Ka\u017cdy rytua\u0142 jest jak cicha rozmowa z dusz\u0105 \u2014 delikatna, prawdziwa i pe\u0142na m\u0105dro\u015bci, kt\u00f3ra ju\u017c w Tobie jest.<\/p>\n\n\n\n<p class=\"has-medium-font-size\">W naszych rytua\u0142ach pracujemy z oddechem, \u015bwiat\u0142em, symbolami i naturalnymi materia\u0142ami. Wierzymy, \u017ce to, co tworzysz w\u0142asnymi r\u0119kami, ma moc uzdrawiania \u2014 bo jest zakorzenione w Twojej historii, emocjach i intencji.<\/p>\n\n\n\n<p class=\"has-medium-font-size\">To przestrze\u0144, w kt\u00f3rej mo\u017cesz:<\/p>\n\n\n\n<ul class=\"wp-block-list\">\n<li class=\"has-medium-font-size\">poczu\u0107 spok\u00f3j, kt\u00f3rego tak cz\u0119sto brakuje,<\/li>\n\n\n\n<li class=\"has-medium-font-size\">uwolni\u0107 napi\u0119cia i ci\u0119\u017cary, kt\u00f3re nosisz,<\/li>\n\n\n\n<li class=\"has-medium-font-size\">otworzy\u0107 serce na delikatno\u015b\u0107 i czu\u0142o\u015b\u0107,<\/li>\n\n\n\n<li class=\"has-medium-font-size\">odnale\u017a\u0107 w sobie si\u0142\u0119, kt\u00f3ra p\u0142ynie z kobiecej natury,<\/li>\n\n\n\n<li class=\"has-medium-font-size\">do\u015bwiadczy\u0107 magii, kt\u00f3ra pojawia si\u0119, gdy zatrzymujesz si\u0119 naprawd\u0119.<\/li>\n<\/ul>\n\n\n\n<p class=\"has-medium-font-size\">Nasze rytua\u0142y s\u0105 zaproszeniem do powrotu do siebie \u2014 powolnego, \u015bwiadomego, pe\u0142nego \u015bwiat\u0142a. Do miejsca, w kt\u00f3rym czujesz, \u017ce jeste\u015b u siebie.<\/p>\n<\/div><\/div>\n","protected":false},"excerpt":{"rendered":"","protected":false},"author":1,"featured_media":0,"parent":0,"menu_order":0,"comment_status":"closed","ping_status":"closed","template":"","meta":{"footnotes":""},"class_list":["post-167","page","type-page","status-publish","hentry"],"_links":{"self":[{"href":"https:\/\/kobietywswietle.pl\/index.php\/wp-json\/wp\/v2\/pages\/167","targetHints":{"allow":["GET"]}}],"collection":[{"href":"https:\/\/kobietywswietle.pl\/index.php\/wp-json\/wp\/v2\/pages"}],"about":[{"href":"https:\/\/kobietywswietle.pl\/index.php\/wp-json\/wp\/v2\/types\/page"}],"author":[{"embeddable":true,"href":"https:\/\/kobietywswietle.pl\/index.php\/wp-json\/wp\/v2\/users\/1"}],"replies":[{"embeddable":true,"href":"https:\/\/kobietywswietle.pl\/index.php\/wp-json\/wp\/v2\/comments?post=167"}],"version-history":[{"count":2,"href":"https:\/\/kobietywswietle.pl\/index.php\/wp-json\/wp\/v2\/pages\/167\/revisions"}],"predecessor-version":[{"id":170,"href":"https:\/\/kobietywswietle.pl\/index.php\/wp-json\/wp\/v2\/pages\/167\/revisions\/170"}],"wp:attachment":[{"href":"https:\/\/kobietywswietle.pl\/index.php\/wp-json\/wp\/v2\/media?parent=167"}],"curies":[{"name":"wp","href":"https:\/\/api.w.org\/{rel}","templated":true}]}}